{"id":362,"date":"2019-09-11T13:53:04","date_gmt":"2019-09-11T13:53:04","guid":{"rendered":"http:\/\/www.ecografiaspyc.com.uy\/?page_id=362"},"modified":"2021-07-08T16:08:59","modified_gmt":"2021-07-08T19:08:59","slug":"sobre-nosotros","status":"publish","type":"page","link":"https:\/\/www.ecografiaspyc.com.uy\/index.php\/sobre-nosotros\/","title":{"rendered":"Sobre nosotros"},"content":{"rendered":"<p>[et_pb_section fb_built=\u00bb1&#8243; _builder_version=\u00bb3.0.47&#8243;][et_pb_row _builder_version=\u00bb3.0.47&#8243; background_size=\u00bbinitial\u00bb background_position=\u00bbtop_left\u00bb background_repeat=\u00bbrepeat\u00bb][et_pb_column type=\u00bb4_4&#8243; _builder_version=\u00bb3.0.47&#8243; parallax=\u00bboff\u00bb parallax_method=\u00bbon\u00bb][et_pb_blurb title=\u00bbSobre nosotros\u00bb icon_color=\u00bb#df0f61&#8243; _builder_version=\u00bb3.0.106&#8243; header_level=\u00bbh2&#8243; header_font=\u00bbMontserrat|||on|||||\u00bb header_text_align=\u00bbcenter\u00bb header_text_color=\u00bb#000000&#8243; header_letter_spacing=\u00bb10px\u00bb text_orientation=\u00bbcenter\u00bb][\/et_pb_blurb][\/et_pb_column][\/et_pb_row][et_pb_row _builder_version=\u00bb3.0.106&#8243;][et_pb_column type=\u00bb1_2&#8243; _builder_version=\u00bb3.0.47&#8243; parallax=\u00bboff\u00bb parallax_method=\u00bbon\u00bb][et_pb_image src=\u00bbhttp:\/\/www.ecografiaspyc.com.uy\/wp-content\/uploads\/2019\/09\/consultorio-ecografico-PC.png\u00bb _builder_version=\u00bb3.0.106&#8243;][\/et_pb_image][\/et_pb_column][et_pb_column type=\u00bb1_2&#8243; _builder_version=\u00bb3.0.47&#8243; parallax=\u00bboff\u00bb parallax_method=\u00bbon\u00bb][et_pb_text _builder_version=\u00bb3.0.106&#8243; text_font=\u00bbTelex||||||||\u00bb text_text_color=\u00bb#000000&#8243;]<\/p>\n<p><em>Somos una empresa compuesta por un equipo de profesinales altamente capacitados que se especializa en el desarrollo de <strong>estudios ecogr\u00e1ficos <\/strong>ubicados en el centro de Montevideo, a dos cuadras de la terminal Tres Cruces.<\/em><\/p>\n<p><em>Nos enfocamos en priorizar la <strong>calidad en el servicio a un costo accesible<\/strong>, realizando los estudios de manera <strong>r\u00e1pida<\/strong> y de <strong>f\u00e1cil<\/strong> acceso.<\/em><\/p>\n<p>[\/et_pb_text][et_pb_text _builder_version=\u00bb3.0.106&#8243; text_font=\u00bbTelex||||||||\u00bb text_text_color=\u00bb#000000&#8243;]<\/p>\n<p><em>Somos una empresa compuesta por un equipo de profesinales altamente capacitados que se especializa en el desarrollo de <strong>estudios ecogr\u00e1ficos <\/strong>ubicados en el centro de Montevideo, a dos cuadras de la terminal Tres Cruces.<\/em><\/p>\n<p><em>Nos enfocamos en priorizar la <strong>calidad en el servicio a un costo accesible<\/strong>, realizando los estudios de manera <strong>r\u00e1pida<\/strong> y de <strong>f\u00e1cil<\/strong> acceso.<\/em><\/p>\n<p>[\/et_pb_text][\/et_pb_column][\/et_pb_row][et_pb_row _builder_version=\u00bb3.0.106&#8243;][et_pb_column type=\u00bb1_2&#8243; _builder_version=\u00bb3.0.47&#8243; parallax=\u00bboff\u00bb parallax_method=\u00bbon\u00bb][et_pb_text _builder_version=\u00bb3.0.106&#8243; text_font=\u00bbTelex||||||||\u00bb text_text_color=\u00bb#000000&#8243;]<\/p>\n<p><em>Contamos con atenci\u00f3n personalizada brindada por <strong>personal altamente calificado\u00a0<\/strong>y con reconocida experiencia en el diagn\u00f3stico por im\u00e1genes con ultrasonido.<\/em><\/p>\n<p><em>Realizamos <strong>ecograf\u00edas 4D\u00a0<\/strong>y todas las <a href=\"..\/servicios\">ecografias<\/a> relacionadas con el embarazo.\u00a0CONSULTORIO P&#038;C es <strong>miembro de la FMF<\/strong> (Fetal Medicina FUndacion), lo que permite que a trav\u00e9s de su historia cl\u00ednica y mediante software especializado, podamos calcular el riesgo de parto de pretermino y de preeclapsia (presi\u00f3n) en el embarazo a trav\u00e9s de la medici\u00f3n del doppler de la arteria uterina.<\/em><\/p>\n<p>[\/et_pb_text][\/et_pb_column][et_pb_column type=\u00bb1_2&#8243; _builder_version=\u00bb3.0.47&#8243; parallax=\u00bboff\u00bb parallax_method=\u00bbon\u00bb][et_pb_image src=\u00bbhttp:\/\/www.ecografiaspyc.com.uy\/wp-content\/uploads\/2019\/09\/ecopareja.jpg\u00bb _builder_version=\u00bb3.0.106&#8243;][\/et_pb_image][\/et_pb_column][\/et_pb_row][et_pb_row _builder_version=\u00bb3.0.106&#8243;][et_pb_column type=\u00bb1_2&#8243; _builder_version=\u00bb3.0.47&#8243; parallax=\u00bboff\u00bb parallax_method=\u00bbon\u00bb][et_pb_image src=\u00bbhttp:\/\/www.ecografiaspyc.com.uy\/wp-content\/uploads\/2019\/09\/panza-eco.jpg\u00bb _builder_version=\u00bb3.0.106&#8243;][\/et_pb_image][\/et_pb_column][et_pb_column type=\u00bb1_2&#8243; _builder_version=\u00bb3.0.47&#8243; parallax=\u00bboff\u00bb parallax_method=\u00bbon\u00bb][et_pb_text _builder_version=\u00bb3.0.106&#8243; text_font=\u00bbTelex||||||||\u00bb text_text_color=\u00bb#000000&#8243;]<em>Adem\u00e1s\u00a0somos<strong> miembros de FETALTEST<\/strong> (Fetal Medicina) lo que a trav\u00e9s datos personales de la paciente (peso,talla,etnia) as\u00ed como del embarazo actual y antecedentes obstetrico permite establecer una <strong>CURVA PERSONALIZADA DEL PESO FETAL<\/strong> y estimar el peso fetal al t\u00e9rmino del embarazo.\u00a0<\/em><\/p>\n<p>\u00a0[\/et_pb_text][\/et_pb_column][\/et_pb_row][\/et_pb_section][et_pb_section fb_built=\u00bb1&#8243; background_color=\u00bb#f8f2f7&#8243; _builder_version=\u00bb3.0.106&#8243; saved_tabs=\u00bball\u00bb global_module=\u00bb337&#8243;][et_pb_row _builder_version=\u00bb3.0.106&#8243;][et_pb_column type=\u00bb4_4&#8243; _builder_version=\u00bb3.0.47&#8243; parallax=\u00bboff\u00bb parallax_method=\u00bbon\u00bb][et_pb_text _builder_version=\u00bb3.0.106&#8243; text_font=\u00bbTelex||||||||\u00bb text_font_size=\u00bb14px\u00bb text_text_color=\u00bb#000000&#8243;]<\/p>\n<p style=\"text-align: center;\">ecografiaspyc@gmail.com | \u00a92019 Consultorio P&#038;C| Consultorio ecogr\u00e1fico |\u00a0 Uruguay | <span style=\"color: #ff0000;\">MONTEVIDEO<\/span>:\u00a0<strong>098 685 095<\/strong> &#8211; 18 de Julio 2321, Torre Leyenda IV, apto. 1309. <strong>A dos cuadras de terminal Tres Cruces<\/strong>\u00a0&#8211; <span style=\"color: #ff0000;\">ATLANTIDA<\/span>: <strong>098 446 294<\/strong>\u00a0&#8211;\u00a0<span class=\"JsGRdQ\">Circunvalaci\u00f3n esquina Calle 7\u00a0<\/span>Manzana 62, Solar 6. <strong>A<span class=\"JsGRdQ\">\u00a0una cuadra de M\u00e9dica Uruguaya y la Plaza de la Madre<\/span><\/strong><span class=\"JsGRdQ white-space-prewrap\"> <\/span><\/p>\n<p style=\"text-align: center;\">|\u00a0Desarrollado por <a href=\"http:\/\/www.desarrollo.uy\">desarrolloUY<\/a><\/p>\n<p>[\/et_pb_text][\/et_pb_column][\/et_pb_row][\/et_pb_section]<\/p>\n","protected":false},"excerpt":{"rendered":"<p>[et_pb_section fb_built=\u00bb1&#8243; _builder_version=\u00bb3.0.47&#8243;][et_pb_row _builder_version=\u00bb3.0.47&#8243; background_size=\u00bbinitial\u00bb background_position=\u00bbtop_left\u00bb background_repeat=\u00bbrepeat\u00bb][et_pb_column type=\u00bb4_4&#8243; _builder_version=\u00bb3.0.47&#8243; parallax=\u00bboff\u00bb parallax_method=\u00bbon\u00bb][et_pb_blurb title=\u00bbSobre nosotros\u00bb icon_color=\u00bb#df0f61&#8243; _builder_version=\u00bb3.0.106&#8243; header_level=\u00bbh2&#8243; header_font=\u00bbMontserrat|||on|||||\u00bb header_text_align=\u00bbcenter\u00bb header_text_color=\u00bb#000000&#8243; header_letter_spacing=\u00bb10px\u00bb text_orientation=\u00bbcenter\u00bb][\/et_pb_blurb][\/et_pb_column][\/et_pb_row][et_pb_row _builder_version=\u00bb3.0.106&#8243;][et_pb_column type=\u00bb1_2&#8243; _builder_version=\u00bb3.0.47&#8243; parallax=\u00bboff\u00bb parallax_method=\u00bbon\u00bb][et_pb_image src=\u00bbhttp:\/\/www.ecografiaspyc.com.uy\/wp-content\/uploads\/2019\/09\/consultorio-ecografico-PC.png\u00bb _builder_version=\u00bb3.0.106&#8243;][\/et_pb_image][\/et_pb_column][et_pb_column type=\u00bb1_2&#8243; _builder_version=\u00bb3.0.47&#8243; parallax=\u00bboff\u00bb parallax_method=\u00bbon\u00bb][et_pb_text _builder_version=\u00bb3.0.106&#8243; text_font=\u00bbTelex||||||||\u00bb text_text_color=\u00bb#000000&#8243;] Somos una empresa compuesta por un equipo de profesinales altamente capacitados que se especializa en el desarrollo de estudios ecogr\u00e1ficos [&hellip;]<\/p>\n","protected":false},"author":2,"featured_media":0,"parent":0,"menu_order":0,"comment_status":"closed","ping_status":"closed","template":"","meta":{"_monsterinsights_skip_tracking":false,"_monsterinsights_sitenote_active":false,"_monsterinsights_sitenote_note":"","_monsterinsights_sitenote_category":0,"_uf_show_specific_survey":0,"_uf_disable_surveys":false,"footnotes":""},"class_list":["post-362","page","type-page","status-publish","hentry"],"aioseo_notices":[],"_links":{"self":[{"href":"https:\/\/www.ecografiaspyc.com.uy\/index.php\/wp-json\/wp\/v2\/pages\/362","targetHints":{"allow":["GET"]}}],"collection":[{"href":"https:\/\/www.ecografiaspyc.com.uy\/index.php\/wp-json\/wp\/v2\/pages"}],"about":[{"href":"https:\/\/www.ecografiaspyc.com.uy\/index.php\/wp-json\/wp\/v2\/types\/page"}],"author":[{"embeddable":true,"href":"https:\/\/www.ecografiaspyc.com.uy\/index.php\/wp-json\/wp\/v2\/users\/2"}],"replies":[{"embeddable":true,"href":"https:\/\/www.ecografiaspyc.com.uy\/index.php\/wp-json\/wp\/v2\/comments?post=362"}],"version-history":[{"count":15,"href":"https:\/\/www.ecografiaspyc.com.uy\/index.php\/wp-json\/wp\/v2\/pages\/362\/revisions"}],"predecessor-version":[{"id":897,"href":"https:\/\/www.ecografiaspyc.com.uy\/index.php\/wp-json\/wp\/v2\/pages\/362\/revisions\/897"}],"wp:attachment":[{"href":"https:\/\/www.ecografiaspyc.com.uy\/index.php\/wp-json\/wp\/v2\/media?parent=362"}],"curies":[{"name":"wp","href":"https:\/\/api.w.org\/{rel}","templated":true}]}}