{"id":138,"date":"2019-09-03T18:59:33","date_gmt":"2019-09-03T18:59:33","guid":{"rendered":"http:\/\/www.desarrollo.uy\/sitio_PyC\/?page_id=138"},"modified":"2023-12-14T13:42:28","modified_gmt":"2023-12-14T16:42:28","slug":"faq","status":"publish","type":"page","link":"https:\/\/www.ecografiaspyc.com.uy\/index.php\/faq\/","title":{"rendered":"FAQ"},"content":{"rendered":"<p>[et_pb_section fb_built=\u00bb1&#8243; _builder_version=\u00bb3.0.47&#8243;][et_pb_row _builder_version=\u00bb3.0.47&#8243; background_size=\u00bbinitial\u00bb background_position=\u00bbtop_left\u00bb background_repeat=\u00bbrepeat\u00bb][et_pb_column type=\u00bb4_4&#8243; _builder_version=\u00bb3.0.47&#8243; parallax=\u00bboff\u00bb parallax_method=\u00bbon\u00bb][et_pb_blurb title=\u00bbPreguntas Frecuentes\u00bb icon_color=\u00bb#df0f61&#8243; _builder_version=\u00bb3.0.106&#8243; header_level=\u00bbh2&#8243; header_font=\u00bbTelex|||on|||||\u00bb header_text_color=\u00bb#000000&#8243; header_letter_spacing=\u00bb10px\u00bb body_font=\u00bb||||||||\u00bb text_orientation=\u00bbcenter\u00bb][\/et_pb_blurb][et_pb_image src=\u00bbhttp:\/\/www.ecografiaspyc.com.uy\/wp-content\/uploads\/2020\/12\/preguntas.jpg\u00bb _builder_version=\u00bb3.0.106&#8243;][\/et_pb_image][et_pb_accordion icon_color=\u00bb#df0f61&#8243; _builder_version=\u00bb3.0.106&#8243; body_font=\u00bbTelex||||||||\u00bb body_text_color=\u00bb#000000&#8243; toggle_font=\u00bb||||||||\u00bb][et_pb_accordion_item title=\u00bb \u00bfQu\u00e9 es la ecograf\u00eda?\u00bb open=\u00bboff\u00bb _builder_version=\u00bb3.0.106&#8243; title_text_shadow_horizontal_length=\u00bb0em\u00bb title_text_shadow_vertical_length=\u00bb0em\u00bb title_text_shadow_blur_strength=\u00bb0em\u00bb body_text_shadow_horizontal_length=\u00bb0em\u00bb body_text_shadow_vertical_length=\u00bb0em\u00bb body_text_shadow_blur_strength=\u00bb0em\u00bb]<em>Es una prueba m\u00e9dica que usa ultrasonidos, que aunque nosotros no podemos percibirlos, los aparatos utilizados componen con ellos im\u00e1genes del cuerpo; estas im\u00e1genes son estudiadas por el m\u00e9dico ecografista que analiza la forma, tama\u00f1o y funci\u00f3n de los \u00f3rganos estudiados.bjetivos de estas intervenciones.<\/em>[\/et_pb_accordion_item][et_pb_accordion_item title=\u00bb\u00bfEn qu\u00e9 semana se hace la ecograf\u00eda estructural?\u00bb _builder_version=\u00bb3.0.106&#8243; title_text_shadow_horizontal_length=\u00bb0em\u00bb title_text_shadow_vertical_length=\u00bb0em\u00bb title_text_shadow_blur_strength=\u00bb0em\u00bb body_text_shadow_horizontal_length=\u00bb0em\u00bb body_text_shadow_vertical_length=\u00bb0em\u00bb body_text_shadow_blur_strength=\u00bb0em\u00bb open=\u00bboff\u00bb]<em>La ecografia estructural se realiza entre las 19 y 24 semanas.<\/em><br \/>\n<em> Es un estudio detallado de la anatom\u00eda fetal para descartar malformaciones fetales, valorar crecimiento fetal, placenta y l\u00edquido\u00a0 anmiotico.<\/em><br \/>\n<em> Adem\u00e1s realizamos la medici\u00f3n del cuello uterino y las resistencias de las arterias uterinas.<\/em><br \/>\n<em> CONSULTORIO P&#038;C es miembro de la FMF (Fetal Medicina FUndacion), lo que permite que a trav\u00e9s de su historia cl\u00ednica calcular el riesgo de parto de pre termino y de preeclapsia en el embarazo<\/em><\/p>\n<h2><\/h2>\n<p>[\/et_pb_accordion_item][et_pb_accordion_item title=\u00bb\u00bfCu\u00e1ndo puedo saber el sexo de mi beb\u00e9?\u00bb _builder_version=\u00bb3.0.106&#8243; title_text_shadow_horizontal_length=\u00bb0em\u00bb title_text_shadow_vertical_length=\u00bb0em\u00bb title_text_shadow_blur_strength=\u00bb0em\u00bb body_text_shadow_horizontal_length=\u00bb0em\u00bb body_text_shadow_vertical_length=\u00bb0em\u00bb body_text_shadow_blur_strength=\u00bb0em\u00bb open=\u00bbon\u00bb]<\/p>\n<p><em>A partir de las 16 semanas es posible saber el sexo de tu beb\u00e9 con un porcentaje de acierto de un 99%<\/em><\/p>\n<p>[\/et_pb_accordion_item][et_pb_accordion_item title=\u00bb\u00bfPuedo saber cu\u00e1nto pesa mi beb\u00e9?\u00bb _builder_version=\u00bb3.0.106&#8243; title_text_shadow_horizontal_length=\u00bb0em\u00bb title_text_shadow_vertical_length=\u00bb0em\u00bb title_text_shadow_blur_strength=\u00bb0em\u00bb body_text_shadow_horizontal_length=\u00bb0em\u00bb body_text_shadow_vertical_length=\u00bb0em\u00bb body_text_shadow_blur_strength=\u00bb0em\u00bb open=\u00bboff\u00bb]<em>El peso fetal se puede calcular a cualquier edad gestacional del embarazo a trav\u00e9s de la medici\u00f3n de determinadas estructuras fetales.<br \/>\nCONSULTORIO P&#038;C es miembro de FETALTEST (Fetal Medicina) lo que a trav\u00e9s datos personales de la paciente (peso,talla,etnia) as\u00ed como del embarazo actual y antecedentes obstetrico permite establecer una CURVA PERSONALIZADA DEL PESO FETAL y estimar el peso fetal al t\u00e9rmino del embarazo<\/em>[\/et_pb_accordion_item][et_pb_accordion_item title=\u00bb\u00bfEn qu\u00e9 semanas se hace la ecograf\u00eda 4D?\u00bb _builder_version=\u00bb3.0.106&#8243; title_text_shadow_horizontal_length=\u00bb0em\u00bb title_text_shadow_vertical_length=\u00bb0em\u00bb title_text_shadow_blur_strength=\u00bb0em\u00bb body_text_shadow_horizontal_length=\u00bb0em\u00bb body_text_shadow_vertical_length=\u00bb0em\u00bb body_text_shadow_blur_strength=\u00bb0em\u00bb open=\u00bboff\u00bb]<em>El momento ideal para realizar esta eco es entre las 24 y 38 semanas, ya que se puede movilizar el feto y obtener mejores imagenes del rostro, las cuales se parecer\u00e1n mucho al reci\u00e9n nacido.<\/em>[\/et_pb_accordion_item][et_pb_accordion_item title=\u00bb\u00bfEn qu\u00e9 semanas se hace la ecograf\u00eda 5D?\u00bb _builder_version=\u00bb3.0.106&#8243; title_text_shadow_horizontal_length=\u00bb0em\u00bb title_text_shadow_vertical_length=\u00bb0em\u00bb title_text_shadow_blur_strength=\u00bb0em\u00bb body_text_shadow_horizontal_length=\u00bb0em\u00bb body_text_shadow_vertical_length=\u00bb0em\u00bb body_text_shadow_blur_strength=\u00bb0em\u00bb open=\u00bboff\u00bb]<em>El momento ideal para realizar esta eco es entre las 24 y 35 semanas, ya que se puede movilizar el feto y obtener mejores imagenes del rostro, las cuales se parecer\u00e1n mucho al reci\u00e9n nacido.<\/em>[\/et_pb_accordion_item][et_pb_accordion_item title=\u00bb\u00bfQu\u00e9 es la ecografia 6D?\u00bb _builder_version=\u00bb3.0.106&#8243; title_text_shadow_horizontal_length=\u00bb0em\u00bb title_text_shadow_vertical_length=\u00bb0em\u00bb title_text_shadow_blur_strength=\u00bb0em\u00bb body_text_shadow_horizontal_length=\u00bb0em\u00bb body_text_shadow_vertical_length=\u00bb0em\u00bb body_text_shadow_blur_strength=\u00bb0em\u00bb open=\u00bboff\u00bb]Las ecograf\u00edas 6D fomentan la vinculaci\u00f3n temprana de los padres con el beb\u00e9 al poder observar con gran precisi\u00f3n y realismo sus gestos, movimientos e incluso su rostro.<\/p>\n<ul>\n<li>Mejor claridad y resolucion de las im\u00e1genes.<\/li>\n<li>Permite evaluar la salud de los \u00f3rganos y los sistemas del feto desde temprano.<\/li>\n<\/ul>\n<p>[\/et_pb_accordion_item][et_pb_accordion_item title=\u00bb \u00bfLa ecograf\u00eda tiene peligros o contraindicaciones?\u00bb _builder_version=\u00bb3.0.106&#8243; title_text_shadow_horizontal_length=\u00bb0em\u00bb title_text_shadow_vertical_length=\u00bb0em\u00bb title_text_shadow_blur_strength=\u00bb0em\u00bb body_text_shadow_horizontal_length=\u00bb0em\u00bb body_text_shadow_vertical_length=\u00bb0em\u00bb body_text_shadow_blur_strength=\u00bb0em\u00bb open=\u00bboff\u00bb]<em>Probablemente la ecograf\u00eda sea la prueba m\u00e1s inocua e indolora que se realiza para el estudio de enfermedades. Los ultrasonidos utilizados no producen ning\u00fan da\u00f1o a adultos, ni\u00f1os o embriones; la potencia de emisi\u00f3n de los aparatos utilizados, garantiza que no producen da\u00f1o a la salud.<\/em>[\/et_pb_accordion_item][et_pb_accordion_item title=\u00bb \u00bfQu\u00e9 es la ecograf\u00eda OBSTETRICA?\u00bb _builder_version=\u00bb3.0.106&#8243; title_text_shadow_horizontal_length=\u00bb0em\u00bb title_text_shadow_vertical_length=\u00bb0em\u00bb title_text_shadow_blur_strength=\u00bb0em\u00bb body_text_shadow_horizontal_length=\u00bb0em\u00bb body_text_shadow_vertical_length=\u00bb0em\u00bb body_text_shadow_blur_strength=\u00bb0em\u00bb open=\u00bboff\u00bb]<em>La ecograf\u00eda o ultrasonograf\u00eda es un m\u00e9todo diagn\u00f3stico que emplea ondas ac\u00fasticas de alta frecuencia (ultrasonidos) y obtiene im\u00e1genes de los \u00f3rganos internos al captar el eco de estas ondas. Es una exploraci\u00f3n que no emplea radiaci\u00f3n ionizante.<\/em><\/p>\n<p><em>La ecograf\u00eda obst\u00e9trica se usa para diagnosticar la existencia de embarazo y valorar la situaci\u00f3n del embri\u00f3n o el feto.<\/em>[\/et_pb_accordion_item][et_pb_accordion_item title=\u00bb \u00bfQu\u00e9 preparaci\u00f3n requiere la prueba?\u00bb _builder_version=\u00bb3.0.106&#8243; title_text_shadow_horizontal_length=\u00bb0em\u00bb title_text_shadow_vertical_length=\u00bb0em\u00bb title_text_shadow_blur_strength=\u00bb0em\u00bb body_text_shadow_horizontal_length=\u00bb0em\u00bb body_text_shadow_vertical_length=\u00bb0em\u00bb body_text_shadow_blur_strength=\u00bb0em\u00bb open=\u00bboff\u00bb]Es conveniente llevar ropa suelta y si es posible de dos piezas. Durante la exploraci\u00f3n s\u00f3lo hay que descubrir la parte baja del abdomen, y si lleva ropa de dos piezas evitar\u00e1 tener que desnudarse del todo. Si la ecograf\u00eda se hace al principio del embarazo es necesario que tenga la vejiga llena para que el aire del intestino no interfiera el paso del sonido e impida el estudio del \u00fatero y del embri\u00f3n\/feto. Aproximadamente hora y media antes de la prueba debe orinar y despu\u00e9s beber hasta 6 vasos de l\u00edquido (aprox. 1,5 litros) y no orinar durante este tiempo. En embarazos avanzados (2\u00ba-3\u00ba trimestre) no es necesario tener la vejiga llena.<br \/>\nEn ocasiones al principio del embarazo se puede hacer la ecograf\u00eda por v\u00eda transvaginal, en este caso la vejiga tiene que estar vac\u00eda.<br \/>\nCuando pida la cita para la ecograf\u00eda debe preguntar por el tipo de preparaci\u00f3n que tiene que hacer.[\/et_pb_accordion_item][et_pb_accordion_item title=\u00bb \u00bfEn qu\u00e9 se basa la exploraci\u00f3n?\u00bb _builder_version=\u00bb3.0.106&#8243; title_text_shadow_horizontal_length=\u00bb0em\u00bb title_text_shadow_vertical_length=\u00bb0em\u00bb title_text_shadow_blur_strength=\u00bb0em\u00bb body_text_shadow_horizontal_length=\u00bb0em\u00bb body_text_shadow_vertical_length=\u00bb0em\u00bb body_text_shadow_blur_strength=\u00bb0em\u00bb open=\u00bboff\u00bb]<em>La imagen ecogr\u00e1fica se basa en el mismo principio que el sonar que usan los buques para detectar submarinos o los barcos pesqueros para detector bancos de peces.<\/em><br \/>\n<em>Se lanza un haz de ultrasonido hacia un objeto y el eco que produce se usa para saber a qu\u00e9 distancia est\u00e1 el objeto, que forma tiene y su estructura interna (s\u00f3lido, l\u00edquido o mixto).<\/em><\/p>\n<p><em>El transductor tiene dos funciones, act\u00faa como altavoz emitiendo el sonido y como micr\u00f3fono, registrando el eco.<\/em><\/p>\n<p><em>En una ecograf\u00eda obst\u00e9trica cuando se aplica el transductor en la piel se produce un haz de sonido de alta frecuencia inaudible (ultrasonido) que se dirige hacia la pelvis y la zona inferior del abdomen. Las ondas ultras\u00f3nicas que forman el eco del feto y de los tejidos que lo rodean (\u00fatero, placenta) son captadas por el transductor. Las peque\u00f1as variaciones de estas ondas se usan para reconstruir la imagen en el monitor. Estas im\u00e1genes son en tiempo real, es decir se puede ver el movimiento de las estructuras y \u00f3rganos estudiados. Las im\u00e1genes en tiempo real se pueden grabar en un video. Adem\u00e1s, normalmente, se \u201ccongelan\u201d algunas de las im\u00e1genes para obtener una serie de im\u00e1genes est\u00e1ticas que se pueden imprimir en una placa o en una impresora de papel.<\/em><br \/>\n<em>Las im\u00e1genes de la ecograf\u00eda convencional representan cortes finos (como rebanadas de una barra de pan). La ecograf\u00eda 3 D (tridimensional), gracias a los modernos ordenadores, permite obtener im\u00e1genes tridimensionales (como si reconstruy\u00e9ramos la imagen de la barra de pan desde las rebanadas). Y el \u00faltimo avance es la imagen 4D que se trata de im\u00e1genes 3D en movimiento (tiempo real).<\/em><\/p>\n<p><em>La ecograf\u00eda Doppler consiste en la aplicaci\u00f3n de los ultrasonidos para detectar el flujo de la sangre, determinando la direcci\u00f3n y velocidad de la sangre dentro de un vaso sangu\u00edneo. Bas\u00e1ndose en el efecto Doppler se puede estudiar el flujo sangu\u00edneo midiendo el cambio de la frecuencia de los ecos reflejados por las c\u00e9lulas sangu\u00edneas.<\/em><\/p>\n<p><em>El movimiento del feto y su latido card\u00edaco se puede ver como una pel\u00edcula \u201cecogr\u00e1fica\u201d. Casi todos los ec\u00f3grafos pueden convertir el latido card\u00edaco y el flujo de la sangre por los vasos sangu\u00edneos del feto y del cord\u00f3n umbilical en sonidos audibles por el o\u00eddo humano.<\/em>[\/et_pb_accordion_item][et_pb_accordion_item title=\u00bbEcograf\u00eda ginecol\u00f3gica: \u00bfC\u00f3mo me debo de preparar para la exploraci\u00f3n?\u00bb _builder_version=\u00bb3.0.106&#8243; title_text_shadow_horizontal_length=\u00bb0em\u00bb title_text_shadow_vertical_length=\u00bb0em\u00bb title_text_shadow_blur_strength=\u00bb0em\u00bb body_text_shadow_horizontal_length=\u00bb0em\u00bb body_text_shadow_vertical_length=\u00bb0em\u00bb body_text_shadow_blur_strength=\u00bb0em\u00bb open=\u00bboff\u00bb]<em>Deber\u00edas vestirte de forma confortable, con ropa poco apretada. Para algunas exploraciones, le pueden pedir que beba hasta 6 vasos de agua las dos horas previas a la exploraci\u00f3n, de manera que la vejiga se encuentre llena cuando comience la exploraci\u00f3n<strong>.<\/strong>\u00a0La vejiga llena ayuda en la visualizaci\u00f3n del \u00fatero, ovarios y la pared de la vejiga. Para las exploraciones transvaginales no es necesario que la vejiga se encuentre llena.<\/em>[\/et_pb_accordion_item][et_pb_accordion_item title=\u00bb\u00bfQu\u00e9 es la translucencia nucal?\u00bb _builder_version=\u00bb3.0.106&#8243; title_text_shadow_horizontal_length=\u00bb0em\u00bb title_text_shadow_vertical_length=\u00bb0em\u00bb title_text_shadow_blur_strength=\u00bb0em\u00bb body_text_shadow_horizontal_length=\u00bb0em\u00bb body_text_shadow_vertical_length=\u00bb0em\u00bb body_text_shadow_blur_strength=\u00bb0em\u00bb open=\u00bboff\u00bb]La\u00a0<b>translucencia nucal<\/b>\u00a0consiste en la medici\u00f3n de un espacio sonoluscente o econegativo situado en la zona posterior de la nuca del feto. El momento adecuado para realizar esta medici\u00f3n es la semana 12 aunque puede realizarse entre las semanas 12 y 14 del embarazo.[\/et_pb_accordion_item][et_pb_accordion_item title=\u00bb\u00bfQu\u00e9 es el estudio de ADN fetal?\u00bb _builder_version=\u00bb3.0.106&#8243; title_text_shadow_horizontal_length=\u00bb0em\u00bb title_text_shadow_vertical_length=\u00bb0em\u00bb title_text_shadow_blur_strength=\u00bb0em\u00bb body_text_shadow_horizontal_length=\u00bb0em\u00bb body_text_shadow_vertical_length=\u00bb0em\u00bb body_text_shadow_blur_strength=\u00bb0em\u00bb open=\u00bboff\u00bb]El estudio de ADN fetal analiza la salud gen\u00e9tica de tu beb\u00e9 de manera no invasiva para\u00a0detecci\u00f3n de s\u00edndrome de down y otras anomal\u00edas gen\u00e9ticas.<br \/>\nSe realiza desde las 10 sem de embarazo, sin riesgo para ti ni tu beb\u00e9.<br \/>\nResultados en 11 a 12 d\u00edas h\u00e1biles.<br \/>\nCerteza de 99.5%.[\/et_pb_accordion_item][\/et_pb_accordion][\/et_pb_column][\/et_pb_row][\/et_pb_section][et_pb_section fb_built=\u00bb1&#8243; background_color=\u00bb#f8f2f7&#8243; _builder_version=\u00bb3.0.106&#8243; global_module=\u00bb337&#8243; saved_tabs=\u00bball\u00bb][et_pb_row _builder_version=\u00bb3.0.106&#8243;][et_pb_column type=\u00bb4_4&#8243; _builder_version=\u00bb3.0.47&#8243; parallax=\u00bboff\u00bb parallax_method=\u00bbon\u00bb][et_pb_text _builder_version=\u00bb3.0.106&#8243; text_font=\u00bbTelex||||||||\u00bb text_font_size=\u00bb14px\u00bb text_text_color=\u00bb#000000&#8243;]<\/p>\n<p style=\"text-align: center;\"><a href=\"mailto:ecografiaspyc@gmail.com\"><strong>ecografiaspyc@gmail.com<\/strong><\/a> | \u00a92023 Consultorio P&#038;C| Consultorio ecogr\u00e1fico |\u00a0 Uruguay | <span style=\"color: #e21d68;\">MONTEVIDEO<\/span>:\u00a0<strong><a href=\"https:\/\/api.whatsapp.com\/send?phone=59898685095\">098 685 095<\/a><\/strong>\u00a0o <strong>2406 7992\u00a0<\/strong>&#8211; Bulevar Artigas 1635. <strong>Frente a hospital Pereira Rossell<\/strong>\u00a0&#8211; <span style=\"color: #e21d68;\">ATL\u00c1NTIDA<\/span>: <strong><a href=\"https:\/\/api.whatsapp.com\/send?phone=59898446294\">098 446 294<\/a><\/strong>\u00a0&#8211;\u00a0<span class=\"JsGRdQ\">Circunvalaci\u00f3n esquina Calle 7\u00a0<\/span>Manzana 62, Solar 6. <strong>A<span class=\"JsGRdQ\">\u00a0una cuadra de M\u00e9dica Uruguaya y la Plaza de la Madre<\/span><\/strong><span class=\"JsGRdQ white-space-prewrap\"> <\/span><\/p>\n<p style=\"text-align: center;\">\u00a0Desarrollado por <a href=\"http:\/\/www.desarrollo.uy\">desarrolloUY<\/a><\/p>\n<p>[\/et_pb_text][\/et_pb_column][\/et_pb_row][\/et_pb_section]<\/p>\n","protected":false},"excerpt":{"rendered":"<p>[et_pb_section fb_built=\u00bb1&#8243; _builder_version=\u00bb3.0.47&#8243;][et_pb_row _builder_version=\u00bb3.0.47&#8243; background_size=\u00bbinitial\u00bb background_position=\u00bbtop_left\u00bb background_repeat=\u00bbrepeat\u00bb][et_pb_column type=\u00bb4_4&#8243; _builder_version=\u00bb3.0.47&#8243; parallax=\u00bboff\u00bb parallax_method=\u00bbon\u00bb][et_pb_blurb title=\u00bbPreguntas Frecuentes\u00bb icon_color=\u00bb#df0f61&#8243; _builder_version=\u00bb3.0.106&#8243; header_level=\u00bbh2&#8243; header_font=\u00bbTelex|||on|||||\u00bb header_text_color=\u00bb#000000&#8243; header_letter_spacing=\u00bb10px\u00bb body_font=\u00bb||||||||\u00bb text_orientation=\u00bbcenter\u00bb][\/et_pb_blurb][et_pb_image src=\u00bbhttp:\/\/www.ecografiaspyc.com.uy\/wp-content\/uploads\/2020\/12\/preguntas.jpg\u00bb _builder_version=\u00bb3.0.106&#8243;][\/et_pb_image][et_pb_accordion icon_color=\u00bb#df0f61&#8243; _builder_version=\u00bb3.0.106&#8243; body_font=\u00bbTelex||||||||\u00bb body_text_color=\u00bb#000000&#8243; toggle_font=\u00bb||||||||\u00bb][et_pb_accordion_item title=\u00bb \u00bfQu\u00e9 es la ecograf\u00eda?\u00bb open=\u00bboff\u00bb _builder_version=\u00bb3.0.106&#8243; title_text_shadow_horizontal_length=\u00bb0em\u00bb title_text_shadow_vertical_length=\u00bb0em\u00bb title_text_shadow_blur_strength=\u00bb0em\u00bb body_text_shadow_horizontal_length=\u00bb0em\u00bb body_text_shadow_vertical_length=\u00bb0em\u00bb body_text_shadow_blur_strength=\u00bb0em\u00bb]Es una prueba m\u00e9dica que usa ultrasonidos, que aunque nosotros no podemos percibirlos, los aparatos [&hellip;]<\/p>\n","protected":false},"author":1,"featured_media":0,"parent":0,"menu_order":0,"comment_status":"closed","ping_status":"closed","template":"","meta":{"_monsterinsights_skip_tracking":false,"_monsterinsights_sitenote_active":false,"_monsterinsights_sitenote_note":"","_monsterinsights_sitenote_category":0,"_uf_show_specific_survey":0,"_uf_disable_surveys":false,"footnotes":""},"class_list":["post-138","page","type-page","status-publish","hentry"],"aioseo_notices":[],"_links":{"self":[{"href":"https:\/\/www.ecografiaspyc.com.uy\/index.php\/wp-json\/wp\/v2\/pages\/138","targetHints":{"allow":["GET"]}}],"collection":[{"href":"https:\/\/www.ecografiaspyc.com.uy\/index.php\/wp-json\/wp\/v2\/pages"}],"about":[{"href":"https:\/\/www.ecografiaspyc.com.uy\/index.php\/wp-json\/wp\/v2\/types\/page"}],"author":[{"embeddable":true,"href":"https:\/\/www.ecografiaspyc.com.uy\/index.php\/wp-json\/wp\/v2\/users\/1"}],"replies":[{"embeddable":true,"href":"https:\/\/www.ecografiaspyc.com.uy\/index.php\/wp-json\/wp\/v2\/comments?post=138"}],"version-history":[{"count":40,"href":"https:\/\/www.ecografiaspyc.com.uy\/index.php\/wp-json\/wp\/v2\/pages\/138\/revisions"}],"predecessor-version":[{"id":1200,"href":"https:\/\/www.ecografiaspyc.com.uy\/index.php\/wp-json\/wp\/v2\/pages\/138\/revisions\/1200"}],"wp:attachment":[{"href":"https:\/\/www.ecografiaspyc.com.uy\/index.php\/wp-json\/wp\/v2\/media?parent=138"}],"curies":[{"name":"wp","href":"https:\/\/api.w.org\/{rel}","templated":true}]}}